{"id":681,"date":"2017-09-21T16:45:42","date_gmt":"2017-09-21T15:45:42","guid":{"rendered":"http:\/\/bupabopi.com?page_id=681"},"modified":"2019-01-17T00:08:59","modified_gmt":"2019-01-16T23:08:59","slug":"la-todoteca-libre","status":"publish","type":"page","link":"https:\/\/bupabopi.com\/es\/la-todoteca-libre","title":{"rendered":"La Todoteca Libre"},"content":{"rendered":"<section class=\"wpb-content-wrapper\"><p>[vc_row el_class=\u00bbmargin_top_negative\u00bb][vc_column][vc_column_text css_animation=\u00bbappear\u00bb css=\u00bb.vc_custom_1492627655355{padding-right: 15px !important;padding-left: 15px !important;}\u00bb]<\/p>\n<p class=\"p1\" style=\"text-align: center;\"><span class=\"s1\">Fotos, v\u00eddeos, documentales, textos y relatos\u2026 un poco de todo en un popurr\u00ed, que no es <\/span><span class=\"s1\">pot-pourri podrido, pero s\u00ed en estado de continua fermentaci\u00f3n, un cambio incesante de <\/span><span class=\"s1\">aromas y notas, sin desentonar.\u00a0<\/span><\/p>\n<p class=\"p1\" style=\"text-align: center;\"><span class=\"s1\">Luego lo aireamos en la red, por el puro placer de compartirlo.<\/span><\/p>\n<p>[\/vc_column_text][vc_empty_space][vc_separator][vc_empty_space][\/vc_column][\/vc_row][vc_row anchor=\u00bbarticulos\u00bb][vc_column][vc_column_text]<\/p>\n<h2 class=\"aligncenter\">ART\u00cdCULOS<\/h2>\n<p>[\/vc_column_text][vc_empty_space][vc_basic_grid post_type=\u00bbpost\u00bb max_items=\u00bb10&#8243; element_width=\u00bb6&#8243; item=\u00bb135&#8243; initial_loading_animation=\u00bbnone\u00bb grid_id=\u00bbvc_gid:1547680106420-5f20feba-eb07-4&#8243; taxonomies=\u00bb26&#8243;][vc_empty_space height=\u00bb18px\u00bb][vc_separator][vc_empty_space][\/vc_column][\/vc_row][vc_row anchor=\u00bbdocumentales\u00bb][vc_column][vc_column_text]<\/p>\n<h2 class=\"aligncenter\">DOCUMENTALES<\/h2>\n<p>[\/vc_column_text][vc_empty_space][vc_row_inner][vc_column_inner width=\u00bb1\/2&#8243;][vc_raw_html]JTNDZGl2JTIwY2xhc3MlM0QlMjJ2aWRlby1yZXNwb25zaXZlJTIyJTNFJTBBJTNDaWZyYW1lJTIwc3JjJTNEJTIyaHR0cHMlM0ElMkYlMkZwbGF5ZXIudmltZW8uY29tJTJGdmlkZW8lMkYyMTY5NzYwMzklM0Z0aXRsZSUzRDAlMjZieWxpbmUlM0QwJTI2cG9ydHJhaXQlM0QwJTIyJTIwZnJhbWVib3JkZXIlM0QlMjIwJTIyJTIwd2Via2l0YWxsb3dmdWxsc2NyZWVuJTIwbW96YWxsb3dmdWxsc2NyZWVuJTIwYWxsb3dmdWxsc2NyZWVuJTNFJTNDJTJGaWZyYW1lJTNFJTBBJTNDJTJGZGl2JTNF[\/vc_raw_html][\/vc_column_inner][vc_column_inner width=\u00bb1\/2&#8243;][vc_raw_html]JTNDZGl2JTIwY2xhc3MlM0QlMjJ2aWRlby1yZXNwb25zaXZlJTIyJTNFJTBBJTNDaWZyYW1lJTIwc3JjJTNEJTIyaHR0cHMlM0ElMkYlMkZwbGF5ZXIudmltZW8uY29tJTJGdmlkZW8lMkYyMTIwNjA2OTklM0Z0aXRsZSUzRDAlMjZieWxpbmUlM0QwJTI2cG9ydHJhaXQlM0QwJTIyJTIwd2lkdGglM0QlMjIxMDAlMjUlMjIlMjBmcmFtZWJvcmRlciUzRCUyMjAlMjIlMjB3ZWJraXRhbGxvd2Z1bGxzY3JlZW4lMjBtb3phbGxvd2Z1bGxzY3JlZW4lMjBhbGxvd2Z1bGxzY3JlZW4lM0UlM0MlMkZpZnJhbWUlM0UlMEElM0MlMkZkaXYlM0U=[\/vc_raw_html][\/vc_column_inner][\/vc_row_inner][vc_empty_space height=\u00bb48px\u00bb][vc_separator][vc_empty_space][\/vc_column][\/vc_row][vc_row anchor=\u00bbgaleria\u00bb][vc_column][vc_column_text]<\/p>\n<h2 class=\"aligncenter\">GALER\u00cdA<\/h2>\n<p>[\/vc_column_text][vc_empty_space][vc_basic_grid post_type=\u00bbpost\u00bb max_items=\u00bb10&#8243; element_width=\u00bb6&#8243; item=\u00bb135&#8243; initial_loading_animation=\u00bbnone\u00bb grid_id=\u00bbvc_gid:1547680106423-b993980f-c87b-5&#8243; taxonomies=\u00bb24&#8243;][\/vc_column][\/vc_row]<\/p>\n<\/section>","protected":false},"excerpt":{"rendered":"<p>[vc_row el_class=\u00bbmargin_top_negative\u00bb][vc_column][vc_column_text css_animation=\u00bbappear\u00bb css=\u00bb.vc_custom_1492627655355{padding-right: 15px !important;padding-left: 15px !important;}\u00bb] Fotos, v\u00eddeos, documentales, textos y relatos\u2026 un poco de todo en un popurr\u00ed, que no es pot-pourri podrido, pero s\u00ed en estado de continua fermentaci\u00f3n, un cambio incesante de aromas y notas, sin desentonar.\u00a0 Luego lo aireamos en la red, por el puro placer de compartirlo. [\/vc_column_text][vc_empty_space][vc_separator][vc_empty_space][\/vc_column][\/vc_row][vc_row&hellip;<\/p>\n","protected":false},"author":2,"featured_media":0,"parent":0,"menu_order":0,"comment_status":"closed","ping_status":"closed","template":"","meta":[],"acf":[],"_links":{"self":[{"href":"https:\/\/bupabopi.com\/es\/wp-json\/wp\/v2\/pages\/681"}],"collection":[{"href":"https:\/\/bupabopi.com\/es\/wp-json\/wp\/v2\/pages"}],"about":[{"href":"https:\/\/bupabopi.com\/es\/wp-json\/wp\/v2\/types\/page"}],"author":[{"embeddable":true,"href":"https:\/\/bupabopi.com\/es\/wp-json\/wp\/v2\/users\/2"}],"replies":[{"embeddable":true,"href":"https:\/\/bupabopi.com\/es\/wp-json\/wp\/v2\/comments?post=681"}],"version-history":[{"count":21,"href":"https:\/\/bupabopi.com\/es\/wp-json\/wp\/v2\/pages\/681\/revisions"}],"predecessor-version":[{"id":1596,"href":"https:\/\/bupabopi.com\/es\/wp-json\/wp\/v2\/pages\/681\/revisions\/1596"}],"wp:attachment":[{"href":"https:\/\/bupabopi.com\/es\/wp-json\/wp\/v2\/media?parent=681"}],"curies":[{"name":"wp","href":"https:\/\/api.w.org\/{rel}","templated":true}]}}