{"id":678,"date":"2017-02-14T22:21:43","date_gmt":"2017-02-14T22:21:43","guid":{"rendered":"http:\/\/bupabopi.com\/who-we-are"},"modified":"2018-04-30T18:19:07","modified_gmt":"2018-04-30T17:19:07","slug":"quienes-somos","status":"publish","type":"page","link":"https:\/\/bupabopi.com\/es\/quienes-somos","title":{"rendered":"Quienes somos"},"content":{"rendered":"<section class=\"wpb-content-wrapper\"><p>[vc_row el_class=\u00bbmargin_top_negative\u00bb][vc_column][vc_column_text]Ivo Hardies<\/p>\n<p class=\"p1\"><span class=\"s1\">Afincada en Dali (China). Tras estudiar Cine y Fotograf\u00eda, estudi\u00f3 lenguas extranjeras en Amberes y Viena. Conocedora de su punto fuerte, decide estudiar Traducci\u00f3n en la Universidad de Granada. Aqu\u00ed empieza con sus estudios de chino. Tras licenciarse consigue una beca para estudiar en la Universidad de Beijing, donde perfecciona su chino y se licencia con un Master en Antropolog\u00eda Cultural. <\/span><\/p>\n<p class=\"p1\"><span class=\"s1\">Se enamor\u00f3 de China. Su naturaleza la llev\u00f3 como siempre a mimetizarse con el pa\u00eds en que viv\u00eda. Se cas\u00f3 con un chino, tuvo a su hija Yun (que tiene su propia secci\u00f3n, \u00abNuestra Nube\u00bb), se divorci\u00f3, y se mud\u00f3 a Dali con su hija. All\u00ed trabaja como traductora freelance, escribe y hace documentales etnogr\u00e1ficos.<\/span><\/p>\n<p>Lynn Hardies<\/p>\n<p class=\"p1\"><span class=\"s1\">Realiz\u00f3 un curso de Secretariado Internacional, pero apenas llev\u00f3 a la pr\u00e1ctica su especializaci\u00f3n. Su pasi\u00f3n por la fotograf\u00eda y el deporte la llevaron a trabajar 6 a\u00f1os como fot\u00f3grafa en una estaci\u00f3n de esqu\u00ed. Complementaba las temporadas de esqu\u00ed con trabajos estivales como gu\u00eda acompa\u00f1ante para grupos por los Pa\u00edses Bajos y Francia.<\/span><\/p>\n<p class=\"p1\"><span class=\"s1\">Su curiosidad por el mundo del cine y la fotograf\u00eda la llevaron a trabajar de free-lace en el campo de Casting, Producci\u00f3n y Ayudante de C\u00e1mara para la realizaci\u00f3n de anuncios publicitarios y videoclips,<span class=\"Apple-converted-space\">\u00a0 <\/span>as\u00ed como Fotograf\u00eda Fija para fot\u00f3grafos de renombre, entre ellos Eugenio Recuenco.<\/span><\/p>\n<p class=\"p1\"><span class=\"s1\">Actualmente se encuentra afincada en M\u00e1laga, su lugar de origen, donde trabaja como fot\u00f3grafa independiente.<\/span><\/p>\n<p class=\"p1\"><span class=\"s1\">La pasi\u00f3n de estas hermanas por viajar y descubrir nuevos lugares y culturas, adem\u00e1s del amor que sienten por la narraci\u00f3n y la imagen, les ha llevado a realizar este proyecto conjunto y m\u00e1s personal. Una muestra de sus experiencias e intereses, que esperamos sea de su agrado.<\/span><\/p>\n<p>[\/vc_column_text][vc_empty_space][vc_single_image image=\u00bb479&#8243; img_size=\u00bbfull\u00bb alignment=\u00bbcenter\u00bb][\/vc_column][\/vc_row]<\/p>\n<\/section>","protected":false},"excerpt":{"rendered":"<p>[vc_row el_class=\u00bbmargin_top_negative\u00bb][vc_column][vc_column_text]Ivo Hardies Afincada en Dali (China). Tras estudiar Cine y Fotograf\u00eda, estudi\u00f3 lenguas extranjeras en Amberes y Viena. Conocedora de su punto fuerte, decide estudiar Traducci\u00f3n en la Universidad de Granada. Aqu\u00ed empieza con sus estudios de chino. Tras licenciarse consigue una beca para estudiar en la Universidad de Beijing, donde perfecciona su chino&hellip;<\/p>\n","protected":false},"author":1,"featured_media":0,"parent":0,"menu_order":0,"comment_status":"closed","ping_status":"closed","template":"","meta":[],"acf":[],"_links":{"self":[{"href":"https:\/\/bupabopi.com\/es\/wp-json\/wp\/v2\/pages\/678"}],"collection":[{"href":"https:\/\/bupabopi.com\/es\/wp-json\/wp\/v2\/pages"}],"about":[{"href":"https:\/\/bupabopi.com\/es\/wp-json\/wp\/v2\/types\/page"}],"author":[{"embeddable":true,"href":"https:\/\/bupabopi.com\/es\/wp-json\/wp\/v2\/users\/1"}],"replies":[{"embeddable":true,"href":"https:\/\/bupabopi.com\/es\/wp-json\/wp\/v2\/comments?post=678"}],"version-history":[{"count":4,"href":"https:\/\/bupabopi.com\/es\/wp-json\/wp\/v2\/pages\/678\/revisions"}],"predecessor-version":[{"id":987,"href":"https:\/\/bupabopi.com\/es\/wp-json\/wp\/v2\/pages\/678\/revisions\/987"}],"wp:attachment":[{"href":"https:\/\/bupabopi.com\/es\/wp-json\/wp\/v2\/media?parent=678"}],"curies":[{"name":"wp","href":"https:\/\/api.w.org\/{rel}","templated":true}]}}