{"id":675,"date":"2017-02-14T22:19:33","date_gmt":"2017-02-14T22:19:33","guid":{"rendered":"http:\/\/bupabopi.com\/our-%e4%ba%91"},"modified":"2018-04-29T23:43:32","modified_gmt":"2018-04-29T22:43:32","slug":"nuestra-nube-%e4%ba%91-yun","status":"publish","type":"page","link":"https:\/\/bupabopi.com\/es\/nuestra-nube-%e4%ba%91-yun","title":{"rendered":"Nuestra Nube \u4e91 (Yun)"},"content":{"rendered":"<section class=\"wpb-content-wrapper\"><p>[vc_row el_class=\u00bbmargin_top_negative\u00bb][vc_column width=\u00bb1\/12&#8243;][\/vc_column][vc_column width=\u00bb10\/12&#8243;][vc_column_text]<\/p>\n<p class=\"aligncenter\" style=\"text-align: left;\">Vivimos en un mundo superpoblado, donde el deseo natural de tener descendencia se sobrepone a la l\u00f3gica de la falta de recursos, del exceso de ni\u00f1os sin padre ni madre, o simplemente a la incapacidad de algunos para la paternidad.<\/p>\n<p class=\"aligncenter\" style=\"text-align: left;\">Por todas estas razones, yo quer\u00eda y no quer\u00eda hijos.\u00a0<a id=\"read_more\"><\/a><\/p>\n<div id=\"read_more_content\">\n<p class=\"p1\"><span class=\"s1\">Viv<\/span><span class=\"s2\">\u00ed<\/span><span class=\"s1\">a en un continuo estado de duda y susto ante la idea de engendrar, y si no hubiera sido convencida por el padre de mi hija para tenerla, habr<\/span><span class=\"s2\">\u00ed<\/span><span class=\"s1\">a pospuesto indefinidamente la idea de tener un beb<\/span><span class=\"s2\">\u00e9<\/span><span class=\"s1\"> hasta descartarla por completo, como le pasa a muchos de las mujeres y hombres de mi generaci<\/span><span class=\"s2\">\u00f3<\/span><span class=\"s1\">n. <\/span><\/p>\n<p class=\"p2\"><span class=\"s1\">Para mi tremenda suerte, del convencimiento al hecho s<\/span><span class=\"s2\">\u00f3<\/span><span class=\"s1\">lo pasaron escasos meses, y menos mal, porque la separaci<\/span><span class=\"s2\">\u00f3<\/span><span class=\"s1\">n con el padre no se hizo esperar tampoco. <\/span><\/p>\n<p class=\"p2\"><span class=\"s5\">\u4e91\u00a0<\/span><span class=\"s1\">Yun, \u201cnube\u201d en chino, es el nombre de mi hija. Es mitad china, mitad occidental, aunque la debilidad de mis genes se muestra en lo poco que se me parece f<\/span><span class=\"s2\">\u00ed<\/span><span class=\"s1\">sicamente. Muchos piensan que es adoptada, fantas<\/span><span class=\"s2\">\u00ed<\/span><span class=\"s1\">a que me hace ir con la cabeza m<\/span><span class=\"s2\">\u00e1<\/span><span class=\"s1\">s alta cuando anda de mi mano. <\/span><\/p>\n<p class=\"p2\"><span class=\"s1\">En las pocas veces de mi vida que he sugerido tener hijos, pregonaba que deseaba uno de cada color, porque ve<\/span><span class=\"s2\">\u00ed<\/span><span class=\"s1\">a el futuro en la mezcla de razas. Teniendo en cuenta mi edad y mis pocas ganas de engendrar m<\/span><span class=\"s2\">\u00e1<\/span><span class=\"s1\">s (dudo que nadie me vuelva a convencer), creo que me quedar<\/span><span class=\"s2\">\u00e9<\/span><span class=\"s1\"> estancada con la asi<\/span><span class=\"s2\">\u00e1<\/span><span class=\"s1\">tica. <\/span><\/p>\n<p class=\"p2\"><span class=\"s1\">Y digo no querer m<\/span><span class=\"s2\">\u00e1<\/span><span class=\"s1\">s no porque Yun sea la hija m<\/span><span class=\"s2\">\u00e1<\/span><span class=\"s1\">s maravillosa, inteligente y especial que hubiera podido desear (dicho de manera totalmente objetiva). <\/span><\/p>\n<p class=\"p2\"><span class=\"s1\">No quiero m<\/span><span class=\"s2\">\u00e1<\/span><span class=\"s1\">s por las razones antes expuestas y porque\u00a0adoro mi libertad y no quiero posponer m<\/span><span class=\"s2\">\u00e1<\/span><span class=\"s1\">s a<\/span><span class=\"s2\">\u00f1<\/span><span class=\"s1\">os\u00a0mi emancipaci<span class=\"s2\">\u00f3<\/span>n\u00a0<\/span><span class=\"s1\">.\u00a0<\/span><\/p>\n<p class=\"p2\"><span class=\"s1\">Mi hermana pertenece a ese grupo de mujeres modernas que no tienen hijos. Al proverbio de \u201cSi dios no te da hijos, el diablo te dar<\/span><span class=\"s2\">\u00e1<\/span><span class=\"s1\"> sobrinos\u201d mi hermana responde \u201cGracias, diablo\u201d. <\/span><\/p>\n<p class=\"p2\"><span class=\"s1\">Estamos tan unidas, que el resultado m<\/span><span class=\"s2\">\u00e1<\/span><span class=\"s1\">s natural ha sido compartir la maternidad y educaci<\/span><span class=\"s2\">\u00f3<\/span><span class=\"s1\">n de nuestra ni<\/span><span class=\"s2\">\u00f1<\/span><span class=\"s1\">a, que crece con super<\/span><span class=\"s2\">\u00e1<\/span><span class=\"s1\">vit de madre hasta el punto de llamarme \u201ctita\u201d a m<\/span><span class=\"s2\">\u00ed<\/span><span class=\"s1\"> y \u201cmami\u201d a ella, en especial cuando podemos salvar las distancias y pegarnos las tres cual feliz lapa. <\/span><\/p>\n<p class=\"p2\"><span class=\"s1\">Y como es una gran inspiraci<\/span><span class=\"s2\">\u00f3<\/span><span class=\"s1\">n para nosotras, hay que dedicarle un apartado exclusivo, otro batiburrillo de fotos, v<\/span><span class=\"s2\">\u00ed<\/span><span class=\"s1\">deos, ocurrencias suyas, cuentos para ella, y en proceso de construcci<\/span><span class=\"s2\">\u00f3<\/span><span class=\"s1\">n, el documental \u201cUna Nube, dos mundos\u201d.<\/span><\/p>\n<\/div>\n<p>[\/vc_column_text][\/vc_column][vc_column width=\u00bb1\/12&#8243;][\/vc_column][\/vc_row][vc_row anchor=\u00bbstories\u00bb][vc_column][vc_empty_space][vc_separator][vc_empty_space][\/vc_column][\/vc_row][vc_row][vc_column width=\u00bb1\/12&#8243;][\/vc_column][vc_column width=\u00bb10\/12&#8243;][vc_column_text]<\/p>\n<h2 class=\"aligncenter\">RELATOS<\/h2>\n<p>[\/vc_column_text][vc_basic_grid post_type=\u00bbpost\u00bb max_items=\u00bb-1&#8243; element_width=\u00bb6&#8243; item=\u00bb135&#8243; grid_id=\u00bbvc_gid:1514329558429-2278e2ba-37f9-2&#8243; taxonomies=\u00bb9&#8243;][\/vc_column][vc_column width=\u00bb1\/12&#8243;][\/vc_column][\/vc_row][vc_row anchor=\u00bbvideos\u00bb][vc_column][vc_empty_space][vc_separator][vc_empty_space][\/vc_column][\/vc_row][vc_row][vc_column width=\u00bb1\/12&#8243;][\/vc_column][vc_column width=\u00bb10\/12&#8243;][vc_column_text]<\/p>\n<h2 class=\"aligncenter\">VIDEOS DE YUN<\/h2>\n<p>[\/vc_column_text][vc_row_inner][vc_column_inner width=\u00bb1\/2&#8243;][vc_raw_html]JTNDaWZyYW1lJTIwc3JjJTNEJTIyaHR0cHMlM0ElMkYlMkZwbGF5ZXIudmltZW8uY29tJTJGdmlkZW8lMkYyMTA3Njc4OTMlM0Z0aXRsZSUzRDAlMjZieWxpbmUlM0QwJTI2cG9ydHJhaXQlM0QwJTIyJTIwd2lkdGglM0QlMjI1NjAlMjIlMjBoZWlnaHQlM0QlMjIzMTUlMjIlMjBmcmFtZWJvcmRlciUzRCUyMjAlMjIlMjB3ZWJraXRhbGxvd2Z1bGxzY3JlZW4lMjBtb3phbGxvd2Z1bGxzY3JlZW4lMjBhbGxvd2Z1bGxzY3JlZW4lM0UlM0MlMkZpZnJhbWUlM0UlMEElM0NoMyUyMHN0eWxlJTNEJTIydGV4dC1hbGlnbiUzQSUyMGNlbnRlciUzQiUyMiUzRU51ZXN0cmElMjBwZXF1ZSVDMyVCMWElMjBDYW1hciVDMyVCM2dyYWZhJTNDJTJGaDMlM0U=[\/vc_raw_html][\/vc_column_inner][vc_column_inner width=\u00bb1\/2&#8243;][vc_raw_html]JTNDaWZyYW1lJTIwc3JjJTNEJTIyaHR0cHMlM0ElMkYlMkZwbGF5ZXIudmltZW8uY29tJTJGdmlkZW8lMkYyNDI5MjA1NjklM0Z0aXRsZSUzRDAlMjZieWxpbmUlM0QwJTI2cG9ydHJhaXQlM0QwJTIyJTIwd2lkdGglM0QlMjI1NjAlMjIlMjBoZWlnaHQlM0QlMjIzMTUlMjIlMjBmcmFtZWJvcmRlciUzRCUyMjAlMjIlMjB3ZWJraXRhbGxvd2Z1bGxzY3JlZW4lMjBtb3phbGxvd2Z1bGxzY3JlZW4lMjBhbGxvd2Z1bGxzY3JlZW4lM0UlM0MlMkZpZnJhbWUlM0UlMEElM0NoMyUyMHN0eWxlJTNEJTIydGV4dC1hbGlnbiUzQSUyMGNlbnRlciUzQiUyMiUzRSUzQ3NwYW4lMjBjbGFzcyUzRCUyMl8xZkhOSyUyMiUzRURlYmVyZXMlMjBkZSUyMFl1biUzQyUyRnNwYW4lM0UlM0MlMkZoMyUzRQ==[\/vc_raw_html][\/vc_column_inner][\/vc_row_inner][\/vc_column][vc_column width=\u00bb1\/12&#8243;][\/vc_column][\/vc_row][vc_row anchor=\u00bbvideos\u00bb][vc_column][vc_empty_space height=\u00bb48px\u00bb][vc_separator][vc_empty_space][\/vc_column][\/vc_row][vc_row anchor=\u00bbgaleria\u00bb][vc_column][vc_column_text]<\/p>\n<h2 class=\"aligncenter\">GALER\u00cdA<\/h2>\n<p>[\/vc_column_text][vc_empty_space][vc_row_inner][vc_column_inner width=\u00bb1\/4&#8243;][\/vc_column_inner][vc_column_inner width=\u00bb1\/2&#8243;][rev_slider_vc alias=\u00bbyun\u00bb][\/vc_column_inner][vc_column_inner width=\u00bb1\/4&#8243;][\/vc_column_inner][\/vc_row_inner][\/vc_column][\/vc_row][vc_row][vc_column][\/vc_column][\/vc_row]<\/p>\n<\/section>","protected":false},"excerpt":{"rendered":"<p>[vc_row el_class=\u00bbmargin_top_negative\u00bb][vc_column width=\u00bb1\/12&#8243;][\/vc_column][vc_column width=\u00bb10\/12&#8243;][vc_column_text] Vivimos en un mundo superpoblado, donde el deseo natural de tener descendencia se sobrepone a la l\u00f3gica de la falta de recursos, del exceso de ni\u00f1os sin padre ni madre, o simplemente a la incapacidad de algunos para la paternidad. Por todas estas razones, yo quer\u00eda y no quer\u00eda hijos.\u00a0 Viv\u00eda&hellip;<\/p>\n","protected":false},"author":1,"featured_media":0,"parent":0,"menu_order":0,"comment_status":"closed","ping_status":"closed","template":"","meta":[],"acf":[],"_links":{"self":[{"href":"https:\/\/bupabopi.com\/es\/wp-json\/wp\/v2\/pages\/675"}],"collection":[{"href":"https:\/\/bupabopi.com\/es\/wp-json\/wp\/v2\/pages"}],"about":[{"href":"https:\/\/bupabopi.com\/es\/wp-json\/wp\/v2\/types\/page"}],"author":[{"embeddable":true,"href":"https:\/\/bupabopi.com\/es\/wp-json\/wp\/v2\/users\/1"}],"replies":[{"embeddable":true,"href":"https:\/\/bupabopi.com\/es\/wp-json\/wp\/v2\/comments?post=675"}],"version-history":[{"count":25,"href":"https:\/\/bupabopi.com\/es\/wp-json\/wp\/v2\/pages\/675\/revisions"}],"predecessor-version":[{"id":1380,"href":"https:\/\/bupabopi.com\/es\/wp-json\/wp\/v2\/pages\/675\/revisions\/1380"}],"wp:attachment":[{"href":"https:\/\/bupabopi.com\/es\/wp-json\/wp\/v2\/media?parent=675"}],"curies":[{"name":"wp","href":"https:\/\/api.w.org\/{rel}","templated":true}]}}