{"id":1535,"date":"2018-12-20T19:06:34","date_gmt":"2018-12-20T18:06:34","guid":{"rendered":"http:\/\/bupabopi.com\/?page_id=1535"},"modified":"2018-12-20T19:15:35","modified_gmt":"2018-12-20T18:15:35","slug":"politica-de-privacidad-y-cookies","status":"publish","type":"page","link":"https:\/\/bupabopi.com\/es\/politica-de-privacidad-y-cookies","title":{"rendered":"Pol\u00edtica de privacidad y cookies"},"content":{"rendered":"<h2>Pol\u00edtica de cookies<\/h2>\n<p>Cookie es un fichero que se descarga en su ordenador al acceder a determinadas p\u00e1ginas web. Las cookies permiten a una p\u00e1gina web, entre otras cosas, almacenar y recuperar informaci\u00f3n sobre los h\u00e1bitos de navegaci\u00f3n de un usuario o de su equipo y, dependiendo de la informaci\u00f3n que contengan y de la forma en que utilice su equipo, pueden utilizarse para reconocer al usuario. El navegador del usuario memoriza cookies en el disco duro solamente durante la sesi\u00f3n actual ocupando un espacio de memoria m\u00ednimo y no perjudicando al ordenador. Las cookies no contienen ninguna clase de informaci\u00f3n personal espec\u00edfica, y la mayor\u00eda de las mismas se borran del disco duro al finalizar la sesi\u00f3n de navegador (las denominadas cookies de sesi\u00f3n).<\/p>\n<p>La mayor\u00eda de los navegadores aceptan como est\u00e1ndar a las cookies y, con independencia de las mismas, permiten o impiden en los ajustes de seguridad las cookies temporales o memorizadas.<\/p>\n<p>Sin su expreso consentimiento \u2013mediante la activaci\u00f3n de las cookies en su navegador\u2013 bupabopi.com no enlazar\u00e1 en las cookies los datos memorizados con sus datos personales proporcionados en el momento del registro o la compra.<\/p>\n<h3>\u00bfQu\u00e9 tipos de cookies utiliza esta p\u00e1gina web?<\/h3>\n<p>\u2013 Cookies t\u00e9cnicas: Son aqu\u00e9llas que permiten al usuario la navegaci\u00f3n a trav\u00e9s de una p\u00e1gina web, plataforma o aplicaci\u00f3n y la utilizaci\u00f3n de las diferentes opciones o servicios que en ella existan como, por ejemplo, controlar el tr\u00e1fico y la comunicaci\u00f3n de datos, identificar la sesi\u00f3n, acceder a partes de acceso restringido, recordar los elementos que integran un pedido, realizar el proceso de compra de un pedido, realizar la solicitud de inscripci\u00f3n o participaci\u00f3n en un evento, utilizar elementos de seguridad durante la navegaci\u00f3n, almacenar contenidos para la difusi\u00f3n de videos o sonido o compartir contenidos a trav\u00e9s de redes sociales.<\/p>\n<p>\u2013 Cookies de personalizaci\u00f3n: Son aqu\u00e9llas que permiten al usuario acceder al servicio con algunas caracter\u00edsticas de car\u00e1cter general predefinidas en funci\u00f3n de una serie de criterios en el terminal del usuario como por ejemplo serian el idioma, el tipo de navegador a trav\u00e9s del cual accede al servicio, la configuraci\u00f3n regional desde donde accede al servicio, etc.<\/p>\n<p>\u2013 Cookies de an\u00e1lisis: Son aqu\u00e9llas que bien tratadas por nosotros o por terceros, nos permiten cuantificar el n\u00famero de usuarios y as\u00ed realizar la medici\u00f3n y an\u00e1lisis estad\u00edstico de la utilizaci\u00f3n que hacen los usuarios del servicio ofertado. Para ello se analiza su navegaci\u00f3n en nuestra p\u00e1gina web con el fin de mejorar la oferta de productos o servicios que le ofrecemos.<\/p>\n<p>\u2013 Cookies publicitarias: Son aqu\u00e9llas que, bien tratadas por nosotros o por terceros, nos permiten gestionar de la forma m\u00e1s eficaz posible la oferta de los espacios publicitarios que hay en la p\u00e1gina web, adecuando el contenido del anuncio al contenido del servicio solicitado o al uso que realice de nuestra p\u00e1gina web. Para ello podemos analizar sus h\u00e1bitos de navegaci\u00f3n en Internet y podemos mostrarle publicidad relacionada con su perfil de navegaci\u00f3n.<\/p>\n<p>\u2013 Cookies de publicidad comportamental: Son aqu\u00e9llas que permiten la gesti\u00f3n, de la forma m\u00e1s eficaz posible, de los espacios publicitarios que, en su caso, el editor haya incluido en una p\u00e1gina web, aplicaci\u00f3n o plataforma desde la que presta el servicio solicitado. Estas cookies almacenan informaci\u00f3n del comportamiento de los usuarios obtenida a trav\u00e9s de la observaci\u00f3n continuada de sus h\u00e1bitos de navegaci\u00f3n, lo que permite desarrollar un perfil espec\u00edfico para mostrar publicidad en funci\u00f3n del mismo.<\/p>\n<p>\u2013 Cookies de terceros:\u00a0La Web de\u00a0bupabopi.com puede utilizar\u00a0servicios de terceros que, por cuenta de\u00a0GoogleAnalytics, recopilaran informaci\u00f3n con fines estad\u00edsticos, de uso del Site por parte del usuario y para la prestaci\u00f3n de otros servicios relacionados con la actividad del Website y otros servicios de Internet.<br \/>\nEn particular, este sitio Web utiliza Google Analytics, un servicio anal\u00edtico de web prestado por Google, Inc. con domicilio en los Estados Unidos con sede central en 1600 Amphitheatre Parkway, Mountain View, California 94043.\u00a0 Para la prestaci\u00f3n de estos servicios, estos\u00a0utilizan cookies que recopilan la informaci\u00f3n, incluida la direcci\u00f3n IP del usuario, que ser\u00e1\u00a0transmitida, tratada y almacenada por\u00a0Google\u00a0en los t\u00e9rminos fijados en la Web Google.com. Incluyendo la posible\u00a0transmisi\u00f3n de dicha informaci\u00f3n a terceros por razones de exigencia legal o cuando dichos terceros\u00a0procesen la informaci\u00f3n por cuenta de Google.<\/p>\n<p>El Usuario acepta expresamente, por la utilizaci\u00f3n de este Site,\u00a0el tratamiento de la informaci\u00f3n\u00a0recabada en la forma y con los fines anteriormente mencionados.\u00a0Y asimismo reconoce conocer la posibilidad de rechazar el tratamiento de\u00a0tales datos o informaci\u00f3n\u00a0rechazando el uso de Cookies mediante la selecci\u00f3n de la configuraci\u00f3n apropiada a tal fin en su navegador. Si bien esta opci\u00f3n de bloqueo de Cookies en su navegador puede no permitirle el uso pleno de todas las funcionalidades del Website.<\/p>\n<p>Puede usted permitir, bloquear o eliminar las cookies instaladas en su equipo mediante la configuraci\u00f3n de las opciones del navegador instalado en su ordenador: \u2022 Chrome \u2022 Explorer \u2022 Firefox \u2022 Safari<br \/>\nSi tiene dudas sobre esta pol\u00edtica de cookies, puede contactar con nosotros en <a href='m&#97;ilto&#58;inf&#111;&#64;%62%75&#37;&#55;0&#37;6&#49;bo&#112;&#105;&#46;&#99;&#37;6Fm'>inf&#111;&#64;bup&#97;b&#111;pi&#46;c&#111;&#109;<\/a>.<\/p>\n<h3>Condiciones de uso de la web<\/h3>\n<p>El acceso a esta WEB se encuentra condicionado a la previa lectura y aceptaci\u00f3n por parte de cualquier usuario de los t\u00e9rminos, condiciones, comunicaciones, advertencias y dem\u00e1s avisos legales contenidos en el presente clausulado.<\/p>\n<p>El acceso y posterior utilizaci\u00f3n de la WEB bupabopi.com por parte del usuario implicar\u00e1 su conformidad de forma expresa, plena y sin reservas, con la totalidad de su contenido. El citado acceso tiene car\u00e1cter gratuito, con excepci\u00f3n del acceso a la parte privada o Intranet que ser\u00e1 regulado en el contrato de cada cliente con el propietario del dominio.<\/p>\n<p>Si el usuario no estuviera de acuerdo con el contenido de las presentes Condiciones Generales de navegaci\u00f3n deber\u00e1 abandonar esta WEB, no pudiendo acceder ni disponer de los servicios que \u00e9sta ofrece.<\/p>\n<p>El website bupabopi.com pertenece a Lynn Hardies Van den Houdt, con D.N.I.: 77453301L y domicilio en casa Santa Maria s\/n. Avd. Los Alisos, Urb. Artola Alta, 29604, Cabopino, M\u00e1laga, Espa\u00f1a. (en adelante el Propietario) y tiene por objeto informar de las actividades, productos y servicios de la empresa, proveer la oferta y prestaci\u00f3n de los mismos de acuerdo con sus t\u00e9rminos y condiciones y facilitar la operativa y consulta de datos a sus clientes\/proveedores. Por el acceso a esta website y a cualquiera de sus p\u00e1ginas usted tendr\u00e1 la consideraci\u00f3n de Usuario, e implica conocer y aceptar las advertencias legales, las condiciones de uso y los t\u00e9rminos contenidos en ella.<\/p>\n<p>La informaci\u00f3n facilitada por el Propietario debe ser considerada por el usuario a modo de introducci\u00f3n, sin que pueda estimarse como elemento determinante para la toma de decisiones, declinando el Propietario toda responsabilidad por el uso que pueda verificarse de la misma en tal sentido. Las cantidades y precios aparecidos en el website no tienen car\u00e1cter contractual y salvo que se indique lo contrario, no incluyen impuestos. Las relaciones entre el Propietario y sus clientes derivadas de la contrataci\u00f3n de los productos y\/o servicios contenidos en la presente Web se encuentran sometidas a la legislaci\u00f3n y jurisdicci\u00f3n espa\u00f1olas. Para cualquier litigio derivado de la existencia o contenido de las presentes Condiciones de uso o de las relaciones entre el usuario y el Propietario ambas partes, con renuncia expresa a cualquier otro fuero que pudiera corresponderles, se someten a la jurisdicci\u00f3n y competencia exclusiva de los Juzgados y Tribunales de Marbella.<\/p>\n<p>El Propietario se reserva el derecho a actualizar, modificar o eliminar la informaci\u00f3n contenida en su Web, pudiendo incluso limitar o no permitir el acceso a dicha informaci\u00f3n, sin previo aviso. Especialmente, el Propietario se reserva el derecho a eliminar, limitar o impedir el acceso a su website cuando surjan dificultades t\u00e9cnicas por hechos o circunstancias ajenos al Propietario que, a su criterio, disminuyan o anulen los niveles de seguridad est\u00e1ndares adoptados para el adecuado funcionamiento de dicho website.<\/p>\n<p>En ning\u00fan caso el Propietario ser\u00e1 responsable de las p\u00e9rdidas, da\u00f1os o perjuicios de cualquier tipo que surjan por acceder y usar el website, incluy\u00e9ndose, pero no limit\u00e1ndose, a los producidos en los sistemas inform\u00e1ticos o los provocados por la introducci\u00f3n de virus y\/o ataques inform\u00e1ticos. El Propietario tampoco ser\u00e1 responsable de los da\u00f1os que pudieran sufrir los usuarios por un uso inadecuado de este website y, en modo alguno, de las ca\u00eddas, interrupciones, ausencia o defecto en las telecomunicaciones.<\/p>\n<p>El Propietario colabora, en cumplimiento de lo dispuesto en la Ley 34\/2002, con las autoridades competentes frente a posibles actuaciones il\u00edcitas o nocivas que se realicen por terceros de mala fe y\/o que provoquen da\u00f1os y perjuicios en el dominio.<\/p>\n<p>El Propietario no responde de la veracidad, integridad o actualizaci\u00f3n de las informaciones que no sean de elaboraci\u00f3n propia y de las que se indique otra fuente, as\u00ed como tampoco de las contenidas en otros websites mediante hiperenlace o v\u00ednculo desde bupabopi.com facilitados al Usuario como fuentes alternativas de informaci\u00f3n, que se regir\u00e1n por los t\u00e9rminos y condiciones de utilizaci\u00f3n que a tal efecto resulten exigibles por los titulares de dichos sitios Web, por lo que el Propietario no asume responsabilidad alguna en cuanto a hipot\u00e9ticos perjuicios que pudieran originarse por el uso de las citadas informaciones. En ning\u00fan caso, los mencionados hiperenlaces ser\u00e1n considerados como recomendaci\u00f3n, patrocinio, o distribuci\u00f3n por parte del Propietario de la informaci\u00f3n, productos y\/o servicios, o, en general, contenidos de titularidad de terceros, ofrecidos por \u00e9stos o en cualquier forma por los mismos divulgados.<\/p>\n<p>El Propietario no se responsabiliza de las posibles discrepancias que, con car\u00e1cter transitorio, puedan surgir entre la versi\u00f3n de sus documentos impresos y la versi\u00f3n electr\u00f3nica de los mismos publicados en sus p\u00e1ginas Web.<\/p>\n<p>La totalidad de este website, es decir, los elementos que lo componen (textos, im\u00e1genes, fotograf\u00edas, marcas, logotipos, archivos de audio, archivos de software, combinaciones de colores), as\u00ed como la estructura, selecci\u00f3n y orden de sus contenidos, se encuentran protegidos por la normativa de Propiedad Intelectual e Industrial, no pudiendo ser objeto de explotaci\u00f3n, reproducci\u00f3n, distribuci\u00f3n, modificaci\u00f3n, comunicaci\u00f3n p\u00fablica, cesi\u00f3n o transformaci\u00f3n o cualquier otra forma de difusi\u00f3n no autorizada expresamente por el Propietario.<\/p>\n<p>El acceso a este website no otorga a los usuarios derecho, ni titularidad alguna sobre los derechos de propiedad intelectual y\/o industrial de los contenidos que alberga la Web.<\/p>\n<p>El Propietario se reserva la posibilidad de ejercer las acciones legales que correspondan contra los usuarios que violen o infrinjan los derechos de propiedad intelectual y\/o industrial.<\/p>\n","protected":false},"excerpt":{"rendered":"<p>Pol\u00edtica de cookies Cookie es un fichero que se descarga en su ordenador al acceder a determinadas p\u00e1ginas web. Las cookies permiten a una p\u00e1gina web, entre otras cosas, almacenar y recuperar informaci\u00f3n sobre los h\u00e1bitos de navegaci\u00f3n de un usuario o de su equipo y, dependiendo de la informaci\u00f3n que contengan y de la&hellip;<\/p>\n","protected":false},"author":1,"featured_media":0,"parent":0,"menu_order":0,"comment_status":"closed","ping_status":"closed","template":"","meta":[],"acf":[],"_links":{"self":[{"href":"https:\/\/bupabopi.com\/es\/wp-json\/wp\/v2\/pages\/1535"}],"collection":[{"href":"https:\/\/bupabopi.com\/es\/wp-json\/wp\/v2\/pages"}],"about":[{"href":"https:\/\/bupabopi.com\/es\/wp-json\/wp\/v2\/types\/page"}],"author":[{"embeddable":true,"href":"https:\/\/bupabopi.com\/es\/wp-json\/wp\/v2\/users\/1"}],"replies":[{"embeddable":true,"href":"https:\/\/bupabopi.com\/es\/wp-json\/wp\/v2\/comments?post=1535"}],"version-history":[{"count":4,"href":"https:\/\/bupabopi.com\/es\/wp-json\/wp\/v2\/pages\/1535\/revisions"}],"predecessor-version":[{"id":1542,"href":"https:\/\/bupabopi.com\/es\/wp-json\/wp\/v2\/pages\/1535\/revisions\/1542"}],"wp:attachment":[{"href":"https:\/\/bupabopi.com\/es\/wp-json\/wp\/v2\/media?parent=1535"}],"curies":[{"name":"wp","href":"https:\/\/api.w.org\/{rel}","templated":true}]}}