{"id":1238,"date":"2017-02-14T22:21:26","date_gmt":"2017-02-14T22:21:26","guid":{"rendered":"http:\/\/bupabopi.com\/photographic-book"},"modified":"2019-01-05T01:30:11","modified_gmt":"2019-01-05T00:30:11","slug":"libro-fotografico","status":"publish","type":"page","link":"https:\/\/bupabopi.com\/es\/libro-fotografico","title":{"rendered":"Libro Fotogr\u00e1fico \u00abRincones\u00bb"},"content":{"rendered":"<section class=\"wpb-content-wrapper\"><p>[vc_row el_class=\u00bbmargin_top_negative\u00bb][vc_column][vc_column_text]Porque amamos los libros.<br \/>\nReservamos esta secci\u00f3n para trabajos editoriales.<\/p>\n<p>Os presentamos nuestro primer Libro fotogr\u00e1fico \u201cRincones\u201d.<br \/>\nCon 169 im\u00e1genes y textos en espa\u00f1ol e ingl\u00e9s, de nuestros viajes por Asia: China, Tailandia, Camboya, Indonesia y Malasia.<\/p>\n<p>Muchos art\u00edculos de est\u00e1 web, est\u00e1n incluidos en el libro.<\/p>\n<p>Caracter\u00edsticas:<br \/>\nLibro de fotos para mesa de centro.<br \/>\nTama\u00f1o: 33&#215;28 cm.<br \/>\nN\u00ba de P\u00e1ginas: 204 p\u00e1gs.<br \/>\nPapel: ProLine fotogr\u00e1fico perlado 190 g\/m\u00b2<br \/>\nSobrecubierta dura con cubierta brillante sobre lino negro.[\/vc_column_text][vc_empty_space][\/vc_column][\/vc_row][vc_row][vc_column width=\u00bb1\/3&#8243;][vc_single_image image=\u00bb1285&#8243; img_size=\u00bblarge\u00bb alignment=\u00bbcenter\u00bb onclick=\u00bblink_image\u00bb][\/vc_column][vc_column width=\u00bb1\/3&#8243;][vc_single_image image=\u00bb1225&#8243; img_size=\u00bbfull\u00bb alignment=\u00bbcenter\u00bb onclick=\u00bblink_image\u00bb][\/vc_column][vc_column width=\u00bb1\/3&#8243;][vc_single_image image=\u00bb1229&#8243; img_size=\u00bbfull\u00bb alignment=\u00bbcenter\u00bb onclick=\u00bblink_image\u00bb][\/vc_column][\/vc_row][vc_row][vc_column width=\u00bb1\/3&#8243;][vc_single_image image=\u00bb1227&#8243; img_size=\u00bbfull\u00bb alignment=\u00bbcenter\u00bb onclick=\u00bblink_image\u00bb][\/vc_column][vc_column width=\u00bb1\/3&#8243;][vc_single_image image=\u00bb1221&#8243; img_size=\u00bbfull\u00bb alignment=\u00bbcenter\u00bb onclick=\u00bblink_image\u00bb][\/vc_column][vc_column width=\u00bb1\/3&#8243;][vc_single_image image=\u00bb1223&#8243; img_size=\u00bbfull\u00bb alignment=\u00bbcenter\u00bb onclick=\u00bblink_image\u00bb][\/vc_column][\/vc_row]<\/p>\n<\/section>","protected":false},"excerpt":{"rendered":"<p>[vc_row el_class=\u00bbmargin_top_negative\u00bb][vc_column][vc_column_text]Porque amamos los libros. Reservamos esta secci\u00f3n para trabajos editoriales. Os presentamos nuestro primer Libro fotogr\u00e1fico \u201cRincones\u201d. Con 169 im\u00e1genes y textos en espa\u00f1ol e ingl\u00e9s, de nuestros viajes por Asia: China, Tailandia, Camboya, Indonesia y Malasia. Muchos art\u00edculos de est\u00e1 web, est\u00e1n incluidos en el libro. Caracter\u00edsticas: Libro de fotos para mesa de&hellip;<\/p>\n","protected":false},"author":1,"featured_media":0,"parent":0,"menu_order":0,"comment_status":"closed","ping_status":"closed","template":"","meta":[],"acf":[],"_links":{"self":[{"href":"https:\/\/bupabopi.com\/es\/wp-json\/wp\/v2\/pages\/1238"}],"collection":[{"href":"https:\/\/bupabopi.com\/es\/wp-json\/wp\/v2\/pages"}],"about":[{"href":"https:\/\/bupabopi.com\/es\/wp-json\/wp\/v2\/types\/page"}],"author":[{"embeddable":true,"href":"https:\/\/bupabopi.com\/es\/wp-json\/wp\/v2\/users\/1"}],"replies":[{"embeddable":true,"href":"https:\/\/bupabopi.com\/es\/wp-json\/wp\/v2\/comments?post=1238"}],"version-history":[{"count":14,"href":"https:\/\/bupabopi.com\/es\/wp-json\/wp\/v2\/pages\/1238\/revisions"}],"predecessor-version":[{"id":1551,"href":"https:\/\/bupabopi.com\/es\/wp-json\/wp\/v2\/pages\/1238\/revisions\/1551"}],"wp:attachment":[{"href":"https:\/\/bupabopi.com\/es\/wp-json\/wp\/v2\/media?parent=1238"}],"curies":[{"name":"wp","href":"https:\/\/api.w.org\/{rel}","templated":true}]}}