{"id":1176,"date":"2017-04-19T21:14:52","date_gmt":"2017-04-19T20:14:52","guid":{"rendered":"http:\/\/bupabopi.com\/collaborators"},"modified":"2018-04-29T23:47:28","modified_gmt":"2018-04-29T22:47:28","slug":"colaboradores","status":"publish","type":"page","link":"https:\/\/bupabopi.com\/es\/colaboradores","title":{"rendered":"Colaboradores"},"content":{"rendered":"<section class=\"wpb-content-wrapper\"><p>[vc_row type=\u00bbvc_default\u00bb content_placement=\u00bbmiddle\u00bb el_class=\u00bbmargin_top_negative\u00bb][vc_column width=\u00bb1\/2&#8243;][vc_empty_space][vc_single_image image=\u00bb1102&#8243; img_size=\u00bblarge\u00bb alignment=\u00bbcenter\u00bb][\/vc_column][vc_column width=\u00bb1\/2&#8243;][vc_empty_space][vc_column_text]Eri Griffin<\/p>\n<p class=\"p1\">Creador de las Ilustraciones de\u00a0nuestro primer dise\u00f1o de Camisetas Bupa Bopi, que muy pronto saldr\u00e1n a la venta.<\/p>\n<p class=\"p1\"><span class=\"s1\">Es un ilustrador y artista profesional independiente con sede en Edimburgo, Escocia. Especializado en ilustraci\u00f3n de tinta con trazos de l\u00e1piz y pincel.<\/span><\/p>\n<p class=\"p1\"><span class=\"s1\">Eri ha publicado muchos libros y revistas con los principales editores en el Reino Unido, como Penguin Books y The Folio Society, adem\u00e1s de realizar trabajos para \u00a0portadas de \u00e1lbumes musicales y productos relacionados.<\/span><\/p>\n<p class=\"p1\"><span class=\"s1\">\u00a0<\/span><span class=\"s1\">Si te interesa saber m\u00e1s sobre su trabajo, puedes seguirlo en<\/span><\/p>\n<p><a href=\"http:\/\/www.erigriffin-illustrations.com\" target=\"_blank\" rel=\"noopener noreferrer\">www.erigriffin-illustrations.com<\/a>[\/vc_column_text][\/vc_column][\/vc_row][vc_row][vc_column][vc_empty_space][vc_separator][\/vc_column][\/vc_row][vc_row type=\u00bbvc_default\u00bb content_placement=\u00bbmiddle\u00bb][vc_column width=\u00bb1\/2&#8243;][vc_empty_space][vc_column_text]Jason Pym<\/p>\n<p class=\"p1\">Creador de las Ilustraciones de los Relatos \u00abTuk y el Agua\u00bb y \u00abNube\u00bb, en la secci\u00f3n\u00a0Nuestra\u00a0Nube \u4e91\u00a0(Yun).<\/p>\n<p class=\"p1\"><span class=\"s1\">El artista brit\u00e1nico Jason Pym ha expuesto en el Reino Unido, Am\u00e9rica y China, e ilustrado para la revista Penguin Books, Time Out y Financial Times. Residente de largo plazo en China, durante los \u00faltimos diez a\u00f1os en Dali, provincia de Yunnan, donde el paisaje y la historia han sido un tema rico para sus pinturas.<\/span><\/p>\n<p class=\"p1\"><span class=\"s1\">Jason trabaja principalmente en acuarelas, tambi\u00e9n empleando tintas, l\u00e1pices, acr\u00edlicos y otros medios. En gran parte autodidacta, se ha inspirado en artistas occidentales como Peter de S\u00e8ve y Josh Kirby, as\u00ed como en artistas chinos como Xie Yousu (<\/span><span class=\"s2\">\u8c22<\/span> <span class=\"s2\">\u53cb<\/span> <span class=\"s2\">\u82cf<\/span><span class=\"s1\">) y Ye Yuzhong (<\/span><span class=\"s2\">\u53f6<\/span> <span class=\"s2\">\u6bd3<\/span> <span class=\"s2\">\u4e2d<\/span><span class=\"s1\">). Su objetivo art\u00edstico es comunicar la alegr\u00eda y fascinaci\u00f3n en la simplicidad de la experiencia humana, ya sea un paseo por el bosque o un bullicioso mercado, llamando la atenci\u00f3n sobre detalles cotidianos que a menudo se pasan por alto.<\/span><\/p>\n<p class=\"p1\"><span class=\"s1\">Si te interesa saber m\u00e1s sobre su trabajo, puedes seguirlo en<\/span><\/p>\n<p><a href=\"http:\/\/www.jasonpym.com\" target=\"_blank\" rel=\"noopener noreferrer\">www.jasonpym.com<\/a>[\/vc_column_text][\/vc_column][vc_column width=\u00bb1\/2&#8243;][vc_empty_space][vc_single_image image=\u00bb1104&#8243; img_size=\u00bblarge\u00bb alignment=\u00bbcenter\u00bb][\/vc_column][\/vc_row]<\/p>\n<\/section>","protected":false},"excerpt":{"rendered":"<p>[vc_row type=\u00bbvc_default\u00bb content_placement=\u00bbmiddle\u00bb el_class=\u00bbmargin_top_negative\u00bb][vc_column width=\u00bb1\/2&#8243;][vc_empty_space][vc_single_image image=\u00bb1102&#8243; img_size=\u00bblarge\u00bb alignment=\u00bbcenter\u00bb][\/vc_column][vc_column width=\u00bb1\/2&#8243;][vc_empty_space][vc_column_text]Eri Griffin Creador de las Ilustraciones de\u00a0nuestro primer dise\u00f1o de Camisetas Bupa Bopi, que muy pronto saldr\u00e1n a la venta. Es un ilustrador y artista profesional independiente con sede en Edimburgo, Escocia. Especializado en ilustraci\u00f3n de tinta con trazos de l\u00e1piz y pincel. Eri ha publicado muchos&hellip;<\/p>\n","protected":false},"author":2,"featured_media":0,"parent":0,"menu_order":0,"comment_status":"closed","ping_status":"closed","template":"","meta":[],"acf":[],"_links":{"self":[{"href":"https:\/\/bupabopi.com\/es\/wp-json\/wp\/v2\/pages\/1176"}],"collection":[{"href":"https:\/\/bupabopi.com\/es\/wp-json\/wp\/v2\/pages"}],"about":[{"href":"https:\/\/bupabopi.com\/es\/wp-json\/wp\/v2\/types\/page"}],"author":[{"embeddable":true,"href":"https:\/\/bupabopi.com\/es\/wp-json\/wp\/v2\/users\/2"}],"replies":[{"embeddable":true,"href":"https:\/\/bupabopi.com\/es\/wp-json\/wp\/v2\/comments?post=1176"}],"version-history":[{"count":7,"href":"https:\/\/bupabopi.com\/es\/wp-json\/wp\/v2\/pages\/1176\/revisions"}],"predecessor-version":[{"id":1202,"href":"https:\/\/bupabopi.com\/es\/wp-json\/wp\/v2\/pages\/1176\/revisions\/1202"}],"wp:attachment":[{"href":"https:\/\/bupabopi.com\/es\/wp-json\/wp\/v2\/media?parent=1176"}],"curies":[{"name":"wp","href":"https:\/\/api.w.org\/{rel}","templated":true}]}}